{"id":5411,"date":"2025-10-08T08:58:38","date_gmt":"2025-10-08T08:58:38","guid":{"rendered":"https:\/\/messervice.eu\/privatumo-pareiskimas-es\/"},"modified":"2026-01-05T12:39:11","modified_gmt":"2026-01-05T12:39:11","slug":"privatumo-pareiskimas-es","status":"publish","type":"page","link":"https:\/\/messervice.eu\/lt\/privatumo-pareiskimas-es\/","title":{"rendered":"Privatumo parei\u0161kimas (ES)"},"content":{"rendered":"\t\t<div data-elementor-type=\"wp-page\" data-elementor-id=\"5411\" class=\"elementor elementor-5411 elementor-5410\" data-elementor-post-type=\"page\">\n\t\t\t\t<div class=\"elementor-element elementor-element-40c2235b e-flex e-con-boxed e-con e-parent\" data-id=\"40c2235b\" data-element_type=\"container\" data-e-type=\"container\">\n\t\t\t\t\t<div class=\"e-con-inner\">\n\t\t\t\t<div class=\"elementor-element elementor-element-6c178f5a elementor-widget elementor-widget-shortcode\" data-id=\"6c178f5a\" data-element_type=\"widget\" data-e-type=\"widget\" data-widget_type=\"shortcode.default\">\n\t\t\t\t<div class=\"elementor-widget-container\">\n\t\t\t\t\t\t\t<div class=\"elementor-shortcode\">\n<!-- Legal document generated by Complianz | GDPR\/CCPA Cookie Consent https:\/\/wordpress.org\/plugins\/complianz-gdpr -->\n<div id=\"cmplz-document\" class=\"cmplz-document privacy-statement cmplz-document-eu\"><p><i>\u0160is privatumo parei\u0161kimas paskutin\u012f kart\u0105 buvo atnaujintas 2025-10-09 ir taikomas Europos ekonomin\u0117s erdv\u0117s ir \u0160veicarijos pilie\u010diams bei teis\u0117tiems nuolatiniams gyventojams.<\/i><br \/><br \/><\/p><p><p>\u0160iame privatumo parei\u0161kime paai\u0161kiname, k\u0105 darome su duomenimis, kuriuos gauname apie jus per <a href=\"https:\/\/messervice.eu\/lt\/\">https:\/\/messervice.eu\/lt\/<\/a>. Rekomenduojame atid\u017eiai perskaityti \u0161\u012f parei\u0161kim\u0105. Tvarkydami mes laikom\u0117s privatumo teis\u0117s akt\u0173 reikalavim\u0173. Tai, be kita ko, rei\u0161kia, kad:<\/p><ul>\n                <li>ai\u0161kiai nurodome, kokiais tikslais tvarkome asmens duomenis. Tai darome naudodami \u0161\u012f privatumo parei\u0161kim\u0105;<\/li>\n                <li>siekiame apriboti savo asmens duomen\u0173 rinkim\u0105 tik tais asmens duomenimis, kuri\u0173 reikia teis\u0117tiems tikslams;<\/li>\n                <li>pirmiausia pra\u0161ome ai\u0161kaus J\u016bs\u0173 sutikimo tvarkyti J\u016bs\u0173 asmens duomenis tais atvejais, kai reikalingas J\u016bs\u0173 sutikimas;<\/li>\n                <li>imam\u0117s atitinkam\u0173 saugumo priemoni\u0173, kad apsaugotume j\u016bs\u0173 asmens duomenis, taip pat reikalaujame to i\u0161 \u0161ali\u0173, kurios tvarko asmens duomenis m\u016bs\u0173 vardu;<\/li>\n                <li>gerbiame j\u016bs\u0173 teis\u0119 gauti prieig\u0105 prie j\u016bs\u0173 asmens duomen\u0173 arba reikalauti, kad jie b\u016bt\u0173 i\u0161taisyti ar i\u0161trinti, j\u016bs\u0173 pra\u0161ymu.<\/li>\n            <\/ul><p>Jei turite klausim\u0173 arba norite tiksliai su\u017einoti, kokius duomenis apie jus saugome, susisiekite su mumis.<\/p><\/p><h2>1. Paskirtis, duomenys ir saugojimo terminas<\/h2>Mes galime rinkti arba gauti asmenin\u0119 informacij\u0105 \u012fvairiais su m\u016bs\u0173 verslo operacijomis susijusiais tikslais, \u012fskaitant \u0161iuos dalykus: (spustel\u0117kite, kad i\u0161pl\u0117stum\u0117te)<details class=\"cmplz-dropdown dropdown-privacy-statement\"><summary><div><h3>1.1 Susisiekti \u2013 telefonu, pa\u0161tu, el. pa\u0161tu ir (arba) \u017einiatinklio formomis<\/h3><\/div><\/summary><p class=\"cmplz-subtitle\">\u0160iuo tikslu naudojame \u0161iuos duomenis:<\/p><p><ul><li>Vardas ir pavard\u0117<\/li><li>Paskyros pavadinimas arba slapyvardis<\/li><li>Elektroninio pa\u0161to adresas<\/li><li>Telefono numeris<\/li><li>Nam\u0173 ar kitas fizinis adresas, \u012fskaitant gatv\u0117s pavadinim\u0105 ir miesto ar miestelio pavadinim\u0105<\/li><\/ul><\/p><p class=\"cmplz-subtitle\">Pagrindas, kuriuo remdamiesi galime tvarkyti \u0161iuos duomenis, yra:<\/p><p><a target=\"_blank\" rel=\"noopener noreferrer nofollow\" href=\"https:\/\/cookiedatabase.org\/legal-bases\/#agreement\">Tai b\u016btina sutar\u010diai arba i\u0161ankstin\u0117ms proced\u016broms, susijusioms su sutartimi, kurios \u0161alis yra duomen\u0173 subjektas, vykdyti.<\/a><\/p><p class=\"cmplz-subtitle\">Laikymo laikotarpis<\/p><p>Nutraukus paslaug\u0105, \u0161iuos duomenis saugome tok\u012f m\u0117nesi\u0173 skai\u010di\u0173: 12<\/p><\/details><details class=\"cmplz-dropdown dropdown-privacy-statement\"><summary><div><h3>1.2 Mok\u0117jimai<\/h3><\/div><\/summary><p class=\"cmplz-subtitle\">\u0160iuo tikslu naudojame \u0161iuos duomenis:<\/p><p><ul><li>Vardas ir pavard\u0117<\/li><li>Elektroninio pa\u0161to adresas<\/li><li>Telefono numeris<\/li><\/ul><\/p><p class=\"cmplz-subtitle\">Pagrindas, kuriuo remdamiesi galime tvarkyti \u0161iuos duomenis, yra:<\/p><p><a target=\"_blank\" rel=\"noopener noreferrer nofollow\" href=\"https:\/\/cookiedatabase.org\/legal-bases\/#agreement\">Tai b\u016btina sutar\u010diai arba i\u0161ankstin\u0117ms proced\u016broms, susijusioms su sutartimi, kurios \u0161alis yra duomen\u0173 subjektas, vykdyti.<\/a><\/p><p class=\"cmplz-subtitle\">Laikymo laikotarpis<\/p><p>Nutraukus paslaug\u0105, \u0161iuos duomenis saugome tok\u012f m\u0117nesi\u0173 skai\u010di\u0173: 12<\/p><\/details><details class=\"cmplz-dropdown dropdown-privacy-statement\"><summary><div><h3>1.3 Naujienlai\u0161kiai<\/h3><\/div><\/summary><p class=\"cmplz-subtitle\">\u0160iuo tikslu naudojame \u0161iuos duomenis:<\/p><p><ul><li>Elektroninio pa\u0161to adresas<\/li><\/ul><\/p><p class=\"cmplz-subtitle\">Pagrindas, kuriuo remdamiesi galime tvarkyti \u0161iuos duomenis, yra:<\/p><p><a target=\"_blank\" rel=\"noopener noreferrer nofollow\" href=\"https:\/\/cookiedatabase.org\/legal-bases\/#consent\">Gavus sutikim\u0105.<\/a><\/p><p class=\"cmplz-subtitle\">Laikymo laikotarpis<\/p><p>Nutraukus paslaug\u0105, \u0161iuos duomenis saugome tok\u012f m\u0117nesi\u0173 skai\u010di\u0173: 48<\/p><\/details><h2>2. Dalijimasis su kitomis partijomis<\/h2><p>Mes dalijam\u0117s arba atskleid\u017eiame \u0161iuos duomenis tvarkytojams tik \u0161iais tikslais:<\/p><h2>3. Slapukai<\/h2><p>M\u016bs\u0173 svetain\u0117je naudojami slapukai. Nor\u0117dami gauti daugiau informacijos apie slapukus, \u017er. m\u016bs\u0173 <a href=\"https:\/\/messervice.eu\/lt\/slapuku-politika-es\/\">slapuk\u0173 politik\u0105<\/a>.&nbsp;<\/p><h2>4. Informacijos atskleidimo praktika<\/h2><p><p>Mes atskleid\u017eiame asmenin\u0119 informacij\u0105, jei esame \u012fpareigoti pagal \u012fstatymus ar teismo \u012fsakym\u0105, reaguodami \u012f teis\u0117saugos institucijas, kiek tai leid\u017eiama pagal kitas \u012fstatym\u0173 nuostatas, teikti informacij\u0105 arba atlikti tyrim\u0105 su visuomen\u0117s saugumu susijusiu klausimu.<\/p><p>Jei m\u016bs\u0173 svetain\u0117 ar organizacija bus perimama, parduodama arba \u012ftraukiama \u012f susijungim\u0105 ar \u012fsigijim\u0105, j\u016bs\u0173 duomenys gali b\u016bti atskleisti m\u016bs\u0173 konsultantams ir bet kokiems b\u016bsimiems pirk\u0117jams ir bus perduoti naujiems savininkams.<\/p><\/p><p>Sudar\u0117me duomen\u0173 tvarkymo sutart\u012f su \u201eGoogle\u201c.<\/p><h2>5. Saugumas<\/h2><p>Esame \u012fsipareigoj\u0119 u\u017etikrinti asmens duomen\u0173 saugum\u0105. Mes imam\u0117s atitinkam\u0173 saugumo priemoni\u0173, kad apribotume piktnaud\u017eiavim\u0105 asmens duomenimis ir neteis\u0117t\u0105 prieig\u0105 prie j\u0173. Taip u\u017etikrinama, kad prie j\u016bs\u0173 duomen\u0173 tur\u0117t\u0173 prieig\u0105 tik reikalingi asmenys, kad prieiga prie duomen\u0173 b\u016bt\u0173 apsaugota, o m\u016bs\u0173 saugumo priemon\u0117s b\u016bt\u0173 reguliariai per\u017ei\u016brimos.<\/p><h2>6. Tre\u010di\u0173j\u0173 \u0161ali\u0173 svetain\u0117s<\/h2><p>\u0160is privatumo parei\u0161kimas netaikomas tre\u010di\u0173j\u0173 \u0161ali\u0173 svetain\u0117ms, sujungtoms m\u016bs\u0173 svetain\u0117je esan\u010diomis nuorodomis. Negalime garantuoti, kad \u0161ios tre\u010diosios \u0161alys j\u016bs\u0173 asmens duomenis tvarkys patikimai ar saugiai. Prie\u0161 naudojantis \u0161iomis svetain\u0117mis rekomenduojame perskaityti \u0161i\u0173 svetaini\u0173 privatumo parei\u0161kimus.<\/p><h2>7. \u0160io privatumo parei\u0161kimo pakeitimai<\/h2><p>Pasiliekame teis\u0119 keisti \u0161\u012f privatumo parei\u0161kim\u0105. Rekomenduojame reguliariai per\u017ei\u016br\u0117ti \u0161\u012f privatumo parei\u0161kim\u0105, kad \u017einotum\u0117te apie bet kokius pakeitimus. Be to, kur \u012fmanoma, aktyviai jus informuosime.<\/p><h2>8. Prieiga prie j\u016bs\u0173 duomen\u0173 ir j\u0173 keitimas<\/h2><p>Jei turite klausim\u0173 ar norite su\u017einoti, kokius asmeninius duomenis apie jus turime, susisiekite su mumis. Su mumis galite susisiekti naudodami toliau pateikt\u0105 informacij\u0105. J\u016bs turite \u0161ias teises:<\/p><ul>\n                <li>J\u016bs turite teis\u0119 \u017einoti, kod\u0117l j\u016bs\u0173 asmens duomenys reikalingi, kas su jais atsitiks ir kiek laiko jie bus saugomi.<\/li>\n                <li>Teis\u0117 susipa\u017einti su: J\u016bs turite teis\u0119 susipa\u017einti su mums \u017einomais savo asmens duomenimis.<\/li>\n                <li>Teis\u0117 i\u0161taisyti: J\u016bs turite teis\u0119 bet kada papildyti, taisyti, i\u0161trinti arba u\u017eblokuoti savo asmens duomenis.<\/li>\n                <li>Jei duodate mums sutikim\u0105 tvarkyti j\u016bs\u0173 duomenis, turite teis\u0119 at\u0161aukti \u0161\u012f sutikim\u0105 ir reikalauti, kad j\u016bs\u0173 asmens duomenys b\u016bt\u0173 i\u0161trinti.<\/li>\n                <li>Teis\u0117 perduoti savo duomenis: J\u016bs turite teis\u0119 pra\u0161yti vis\u0173 savo asmens duomen\u0173 i\u0161 duomen\u0173 valdytojo ir perduoti juos visus kitam duomen\u0173 valdytojui.<\/li>\n                <li>Teis\u0117 nesutikti: galite nesutikti, kad b\u016bt\u0173 tvarkomi j\u016bs\u0173 duomenys. Mes to laikom\u0117s, nebent yra pagr\u012fst\u0173 prie\u017eas\u010di\u0173 juos tvarkyti.<\/li>\n            <\/ul><p>B\u016btinai visada ai\u0161kiai nurodykite, kas esate, kad gal\u0117tume b\u016bti tikri, jog nepakeisime ar nei\u0161trinsime netinkamo asmens duomen\u0173.<\/p><h2>9. Skundo pateikimas<\/h2><p>Jei nesate patenkinti tuo, kaip mes tvarkome (skund\u0105 d\u0117l) j\u016bs\u0173 asmens duomen\u0173 tvarkymo, turite teis\u0119 pateikti skund\u0105 Duomen\u0173 apsaugos institucijai.<\/p><h2>10. Kontaktiniai duomenys<\/h2><p>Mes service LT, UAB<br \/>\n        Svajon\u0117s g. 38, LT-94101 Klaip\u0117da <br \/>\n        Lietuva<br \/>\n        Interneto svetain\u0117: <a href=\"https:\/\/messervice.eu\/lt\/\">https:\/\/messervice.eu\/lt\/<\/a> <br \/>\n        El. pa\u0161tas: <span class=\"cmplz-obfuscate\">i&#110;&#102;o@<span class=\"cmplz-fmail-domain\">&#101;&#120;.com<\/span>&#109;e&#115;serv&#105;&#099;e&#046;lt<\/span> <br \/>\n        Telefono numeris: +37067791072<\/p><h2>11. Duomen\u0173 u\u017eklausos<\/h2><p>D\u0117l da\u017eniausiai teikiam\u0173 u\u017eklaus\u0173 taip pat si\u016blome pasinaudoti m\u016bs\u0173 duomen\u0173 pra\u0161ymo forma<br \/>\t\t\t<div class=\"cmplz-datarequest cmplz-alert\">\n\t\t\t\t<span class=\"cmplz-close\">&times;<\/span>\n\t\t\t\t<span id=\"cmplz-message\"><\/span>\n\t\t\t<\/div>\n\t\t\t<form id=\"cmplz-datarequest-form\">\n\t\t\t\t<input type=\"hidden\" required value=\"eu\" name=\"cmplz_datarequest_region\" id=\"cmplz_datarequest_region\">\n\n\t\t\t\t<label for=\"cmplz_datarequest_firstname\" class=\"cmplz-first-name\">Vardas\t\t\t\t\t<input type=\"search\" class=\"datarequest-firstname\" value=\"\" placeholder=\"your first name\" id=\"cmplz_datarequest_firstname\" name=\"cmplz_datarequest_firstname\">\n\t\t\t\t<\/label>\n\t\t\t\t<div>\n\t\t\t\t\t<label for=\"cmplz_datarequest_name\">Vardas<\/label>\n\t\t\t\t\t<input type=\"text\" required value=\"\" placeholder=\"J\u016bs\u0173 vardas\" id=\"cmplz_datarequest_name\" name=\"cmplz_datarequest_name\">\n\t\t\t\t<\/div>\n\t\t\t\t<div>\n\t\t\t\t\t<label for=\"cmplz_datarequest_email\">El. pa\u0161tas<\/label>\n\t\t\t\t\t<input type=\"email\" required value=\"\" placeholder=\"email@email.com\" id=\"cmplz_datarequest_email\" name=\"cmplz_datarequest_email\">\n\t\t\t\t<\/div>\n\t\t\t\t\t\t\t\t\t\t<div class=\"cmplz_datarequest cmplz_datarequest_request_for_access\">\n\t\t\t\t\t\t\t<label for=\"cmplz_datarequest_request_for_access\">\n\t\t\t\t\t\t\t\t<input type=\"checkbox\" value=\"1\" name=\"cmplz_datarequest_request_for_access\" id=\"cmplz_datarequest_request_for_access\" \/>\n\t\t\t\t\t\t\t\tPateikite pra\u0161ym\u0105 susipa\u017einti su m\u016bs\u0173 tvarkomais duomenimis apie jus.\t\t\t\t\t\t\t<\/label>\n\t\t\t\t\t\t<\/div>\n\t\t\t\t\t\t\t\t\t\t<div class=\"cmplz_datarequest cmplz_datarequest_right_to_be_forgotten\">\n\t\t\t\t\t\t\t<label for=\"cmplz_datarequest_right_to_be_forgotten\">\n\t\t\t\t\t\t\t\t<input type=\"checkbox\" value=\"1\" name=\"cmplz_datarequest_right_to_be_forgotten\" id=\"cmplz_datarequest_right_to_be_forgotten\" \/>\n\t\t\t\t\t\t\t\tPateikite pra\u0161ym\u0105 i\u0161trinti duomenis, jei jie neb\u0117ra aktual\u016bs.\t\t\t\t\t\t\t<\/label>\n\t\t\t\t\t\t<\/div>\n\t\t\t\t\t\t\t\t\t\t<div class=\"cmplz_datarequest cmplz_datarequest_right_to_data_portability\">\n\t\t\t\t\t\t\t<label for=\"cmplz_datarequest_right_to_data_portability\">\n\t\t\t\t\t\t\t\t<input type=\"checkbox\" value=\"1\" name=\"cmplz_datarequest_right_to_data_portability\" id=\"cmplz_datarequest_right_to_data_portability\" \/>\n\t\t\t\t\t\t\t\tPateikite pra\u0161ym\u0105 gauti m\u016bs\u0173 tvarkom\u0173 duomen\u0173 eksporto fail\u0105 apie jus.\t\t\t\t\t\t\t<\/label>\n\t\t\t\t\t\t<\/div>\n\t\t\t\t\t\t\t\t<input type=\"button\" id=\"cmplz-datarequest-submit\" value=\"Si\u0173sti\">\n\t\t\t<\/form>\n\n\t\t\t<style>\n\t\t\t\t\/* first-name is honeypot *\/\n\t\t\t\t.cmplz-first-name {\n\t\t\t\t\tposition: absolute !important;\n\t\t\t\t\tleft: -5000px !important;\n\t\t\t\t}\n\t\t\t<\/style>\n\t\t\t<\/p><\/div><\/div>\n\t\t\t\t\t\t<\/div>\n\t\t\t\t<\/div>\n\t\t\t\t\t<\/div>\n\t\t\t\t<\/div>\n\t\t\t\t<\/div>\n\t\t","protected":false},"excerpt":{"rendered":"","protected":false},"author":3,"featured_media":0,"parent":0,"menu_order":0,"comment_status":"closed","ping_status":"closed","template":"","meta":{"footnotes":""},"class_list":["post-5411","page","type-page","status-publish","hentry"],"yoast_head":"<!-- This site is optimized with the Yoast SEO plugin v27.4 - https:\/\/yoast.com\/product\/yoast-seo-wordpress\/ -->\n<title>Privatumo parei\u0161kimas (ES) - messervice.eu<\/title>\n<meta name=\"robots\" content=\"index, follow, max-snippet:-1, max-image-preview:large, max-video-preview:-1\" \/>\n<link rel=\"canonical\" href=\"https:\/\/messervice.eu\/lt\/privatumo-pareiskimas-es\/\" \/>\n<meta property=\"og:locale\" content=\"lt_LT\" \/>\n<meta property=\"og:type\" content=\"article\" \/>\n<meta property=\"og:title\" content=\"Privatumo parei\u0161kimas (ES) - messervice.eu\" \/>\n<meta property=\"og:url\" content=\"https:\/\/messervice.eu\/lt\/privatumo-pareiskimas-es\/\" \/>\n<meta property=\"og:site_name\" content=\"messervice.eu\" \/>\n<meta property=\"article:modified_time\" content=\"2026-01-05T12:39:11+00:00\" \/>\n<meta name=\"twitter:card\" content=\"summary_large_image\" \/>\n<script type=\"application\/ld+json\" class=\"yoast-schema-graph\">{\"@context\":\"https:\\\/\\\/schema.org\",\"@graph\":[{\"@type\":\"WebPage\",\"@id\":\"https:\\\/\\\/messervice.eu\\\/lt\\\/privatumo-pareiskimas-es\\\/\",\"url\":\"https:\\\/\\\/messervice.eu\\\/lt\\\/privatumo-pareiskimas-es\\\/\",\"name\":\"Privatumo parei\u0161kimas (ES) - messervice.eu\",\"isPartOf\":{\"@id\":\"https:\\\/\\\/messervice.eu\\\/lt\\\/#website\"},\"datePublished\":\"2025-10-08T08:58:38+00:00\",\"dateModified\":\"2026-01-05T12:39:11+00:00\",\"breadcrumb\":{\"@id\":\"https:\\\/\\\/messervice.eu\\\/lt\\\/privatumo-pareiskimas-es\\\/#breadcrumb\"},\"inLanguage\":\"lt-LT\",\"potentialAction\":[{\"@type\":\"ReadAction\",\"target\":[\"https:\\\/\\\/messervice.eu\\\/lt\\\/privatumo-pareiskimas-es\\\/\"]}]},{\"@type\":\"BreadcrumbList\",\"@id\":\"https:\\\/\\\/messervice.eu\\\/lt\\\/privatumo-pareiskimas-es\\\/#breadcrumb\",\"itemListElement\":[{\"@type\":\"ListItem\",\"position\":1,\"name\":\"Home\",\"item\":\"https:\\\/\\\/messervice.eu\\\/lt\\\/\"},{\"@type\":\"ListItem\",\"position\":2,\"name\":\"Privatumo parei\u0161kimas (ES)\"}]},{\"@type\":\"WebSite\",\"@id\":\"https:\\\/\\\/messervice.eu\\\/lt\\\/#website\",\"url\":\"https:\\\/\\\/messervice.eu\\\/lt\\\/\",\"name\":\"messervice.eu\",\"description\":\"\",\"publisher\":{\"@id\":\"https:\\\/\\\/messervice.eu\\\/lt\\\/#organization\"},\"potentialAction\":[{\"@type\":\"SearchAction\",\"target\":{\"@type\":\"EntryPoint\",\"urlTemplate\":\"https:\\\/\\\/messervice.eu\\\/lt\\\/?s={search_term_string}\"},\"query-input\":{\"@type\":\"PropertyValueSpecification\",\"valueRequired\":true,\"valueName\":\"search_term_string\"}}],\"inLanguage\":\"lt-LT\"},{\"@type\":\"Organization\",\"@id\":\"https:\\\/\\\/messervice.eu\\\/lt\\\/#organization\",\"name\":\"Mes Service\",\"url\":\"https:\\\/\\\/messervice.eu\\\/lt\\\/\",\"logo\":{\"@type\":\"ImageObject\",\"inLanguage\":\"lt-LT\",\"@id\":\"https:\\\/\\\/messervice.eu\\\/lt\\\/#\\\/schema\\\/logo\\\/image\\\/\",\"url\":\"https:\\\/\\\/messervice.eu\\\/wp-content\\\/uploads\\\/2025\\\/06\\\/Logotipas.png\",\"contentUrl\":\"https:\\\/\\\/messervice.eu\\\/wp-content\\\/uploads\\\/2025\\\/06\\\/Logotipas.png\",\"width\":301,\"height\":34,\"caption\":\"Mes Service\"},\"image\":{\"@id\":\"https:\\\/\\\/messervice.eu\\\/lt\\\/#\\\/schema\\\/logo\\\/image\\\/\"}}]}<\/script>\n<!-- \/ Yoast SEO plugin. -->","yoast_head_json":{"title":"Privatumo parei\u0161kimas (ES) - messervice.eu","robots":{"index":"index","follow":"follow","max-snippet":"max-snippet:-1","max-image-preview":"max-image-preview:large","max-video-preview":"max-video-preview:-1"},"canonical":"https:\/\/messervice.eu\/lt\/privatumo-pareiskimas-es\/","og_locale":"lt_LT","og_type":"article","og_title":"Privatumo parei\u0161kimas (ES) - messervice.eu","og_url":"https:\/\/messervice.eu\/lt\/privatumo-pareiskimas-es\/","og_site_name":"messervice.eu","article_modified_time":"2026-01-05T12:39:11+00:00","twitter_card":"summary_large_image","schema":{"@context":"https:\/\/schema.org","@graph":[{"@type":"WebPage","@id":"https:\/\/messervice.eu\/lt\/privatumo-pareiskimas-es\/","url":"https:\/\/messervice.eu\/lt\/privatumo-pareiskimas-es\/","name":"Privatumo parei\u0161kimas (ES) - messervice.eu","isPartOf":{"@id":"https:\/\/messervice.eu\/lt\/#website"},"datePublished":"2025-10-08T08:58:38+00:00","dateModified":"2026-01-05T12:39:11+00:00","breadcrumb":{"@id":"https:\/\/messervice.eu\/lt\/privatumo-pareiskimas-es\/#breadcrumb"},"inLanguage":"lt-LT","potentialAction":[{"@type":"ReadAction","target":["https:\/\/messervice.eu\/lt\/privatumo-pareiskimas-es\/"]}]},{"@type":"BreadcrumbList","@id":"https:\/\/messervice.eu\/lt\/privatumo-pareiskimas-es\/#breadcrumb","itemListElement":[{"@type":"ListItem","position":1,"name":"Home","item":"https:\/\/messervice.eu\/lt\/"},{"@type":"ListItem","position":2,"name":"Privatumo parei\u0161kimas (ES)"}]},{"@type":"WebSite","@id":"https:\/\/messervice.eu\/lt\/#website","url":"https:\/\/messervice.eu\/lt\/","name":"messervice.eu","description":"","publisher":{"@id":"https:\/\/messervice.eu\/lt\/#organization"},"potentialAction":[{"@type":"SearchAction","target":{"@type":"EntryPoint","urlTemplate":"https:\/\/messervice.eu\/lt\/?s={search_term_string}"},"query-input":{"@type":"PropertyValueSpecification","valueRequired":true,"valueName":"search_term_string"}}],"inLanguage":"lt-LT"},{"@type":"Organization","@id":"https:\/\/messervice.eu\/lt\/#organization","name":"Mes Service","url":"https:\/\/messervice.eu\/lt\/","logo":{"@type":"ImageObject","inLanguage":"lt-LT","@id":"https:\/\/messervice.eu\/lt\/#\/schema\/logo\/image\/","url":"https:\/\/messervice.eu\/wp-content\/uploads\/2025\/06\/Logotipas.png","contentUrl":"https:\/\/messervice.eu\/wp-content\/uploads\/2025\/06\/Logotipas.png","width":301,"height":34,"caption":"Mes Service"},"image":{"@id":"https:\/\/messervice.eu\/lt\/#\/schema\/logo\/image\/"}}]}},"_links":{"self":[{"href":"https:\/\/messervice.eu\/lt\/wp-json\/wp\/v2\/pages\/5411","targetHints":{"allow":["GET"]}}],"collection":[{"href":"https:\/\/messervice.eu\/lt\/wp-json\/wp\/v2\/pages"}],"about":[{"href":"https:\/\/messervice.eu\/lt\/wp-json\/wp\/v2\/types\/page"}],"author":[{"embeddable":true,"href":"https:\/\/messervice.eu\/lt\/wp-json\/wp\/v2\/users\/3"}],"replies":[{"embeddable":true,"href":"https:\/\/messervice.eu\/lt\/wp-json\/wp\/v2\/comments?post=5411"}],"version-history":[{"count":1,"href":"https:\/\/messervice.eu\/lt\/wp-json\/wp\/v2\/pages\/5411\/revisions"}],"predecessor-version":[{"id":5662,"href":"https:\/\/messervice.eu\/lt\/wp-json\/wp\/v2\/pages\/5411\/revisions\/5662"}],"wp:attachment":[{"href":"https:\/\/messervice.eu\/lt\/wp-json\/wp\/v2\/media?parent=5411"}],"curies":[{"name":"wp","href":"https:\/\/api.w.org\/{rel}","templated":true}]}}