{"id":1136,"date":"2025-09-02T13:05:34","date_gmt":"2025-09-02T13:05:34","guid":{"rendered":"https:\/\/messervice.eu\/1136-2\/"},"modified":"2025-10-07T11:08:09","modified_gmt":"2025-10-07T11:08:09","slug":"1136-2","status":"publish","type":"page","link":"https:\/\/messervice.eu\/lt\/1136-2\/","title":{"rendered":""},"content":{"rendered":"\t\t<div data-elementor-type=\"wp-page\" data-elementor-id=\"1136\" class=\"elementor elementor-1136 elementor-828\" data-elementor-post-type=\"page\">\n\t\t\t\t<div class=\"elementor-element elementor-element-17d1f7dd e-flex e-con-boxed e-con e-parent\" data-id=\"17d1f7dd\" data-element_type=\"container\" data-e-type=\"container\">\n\t\t\t\t\t<div class=\"e-con-inner\">\n\t\t<div class=\"elementor-element elementor-element-0ccfdcb e-con-full e-flex e-con e-child\" data-id=\"0ccfdcb\" data-element_type=\"container\" data-e-type=\"container\">\n\t\t<div class=\"elementor-element elementor-element-f84890e e-con-full e-flex e-con e-child\" data-id=\"f84890e\" data-element_type=\"container\" data-e-type=\"container\">\n\t\t<div class=\"elementor-element elementor-element-77f323a e-con-full e-flex e-con e-child\" data-id=\"77f323a\" data-element_type=\"container\" data-e-type=\"container\">\n\t\t\t\t<div class=\"elementor-element elementor-element-1f89d89 elementor-widget elementor-widget-heading\" data-id=\"1f89d89\" data-element_type=\"widget\" data-e-type=\"widget\" data-widget_type=\"heading.default\">\n\t\t\t\t<div class=\"elementor-widget-container\">\n\t\t\t\t\t<h2 class=\"elementor-heading-title elementor-size-default\">Reikia hidraulin\u0117s patikros?<\/h2>\t\t\t\t<\/div>\n\t\t\t\t<\/div>\n\t\t\t\t<div class=\"elementor-element elementor-element-94714a0 elementor-widget elementor-widget-text-editor\" data-id=\"94714a0\" data-element_type=\"widget\" data-e-type=\"widget\" data-widget_type=\"text-editor.default\">\n\t\t\t\t<div class=\"elementor-widget-container\">\n\t\t\t\t\t\t\t\t\t<p>Rezervuokite dat\u0105<\/p>\t\t\t\t\t\t\t\t<\/div>\n\t\t\t\t<\/div>\n\t\t\t\t<div class=\"elementor-element elementor-element-a7bb371 elementor-widget elementor-widget-text-editor\" data-id=\"a7bb371\" data-element_type=\"widget\" data-e-type=\"widget\" data-widget_type=\"text-editor.default\">\n\t\t\t\t<div class=\"elementor-widget-container\">\n\t\t\t\t\t\t\t\t\t<p>M\u016bs\u0173 patyr\u0119 aptarnavimo in\u017einieriai u\u017etikrina greit\u0105 reakcij\u0105 ir i\u0161sami\u0105 j\u016bs\u0173 hidraulini\u0173 sistem\u0173 analiz\u0119. Nustatome galimas problemas, kol jos nesuk\u0117l\u0117 prastov\u0173 ir padedame i\u0161laikyti optimal\u0173 na\u0161um\u0105 ir saug\u0105. Atlikdami profesionali\u0105 diagnostik\u0105, teikdami i\u0161samias ataskaitas ir praktines rekomendacijas, u\u017etikriname ilgalaik\u012f j\u016bs\u0173 \u012frangos patikimum\u0105 ir efektyvum\u0105.  <\/p>\t\t\t\t\t\t\t\t<\/div>\n\t\t\t\t<\/div>\n\t\t\t\t<\/div>\n\t\t\t\t<\/div>\n\t\t<div class=\"elementor-element elementor-element-bc5ebcc e-con-full e-flex e-con e-child\" data-id=\"bc5ebcc\" data-element_type=\"container\" data-e-type=\"container\">\n\t\t\t\t<div class=\"elementor-element elementor-element-5d0c688d elementor-widget elementor-widget-text-editor\" data-id=\"5d0c688d\" data-element_type=\"widget\" data-e-type=\"widget\" data-widget_type=\"text-editor.default\">\n\t\t\t\t<div class=\"elementor-widget-container\">\n\t\t\t\t\t\t\t\t\t\n<form method=\"post\" class=\"custom-book-form\" action=\"https:\/\/messervice.eu\/lt\/krepselis\/\"><label for=\"mcb_custom_date\">Pasirinkite dat\u0105<\/label><div id=\"mcb_calendar_inline\" data-mcb-lang=\"lt\"><\/div><input type=\"hidden\" id=\"mcb_custom_date\" name=\"custom_date\" required><input type=\"hidden\" name=\"add-to-cart\" value=\"823\"><div class=\"price-and-button\" style=\"margin-top:15px; display:flex; justify-content:flex-end; align-items:center; gap:15px;\"><div class=\"product-price\" style=\"font-size:16px; font-weight:600; display:flex; gap:8px; margin-right:16px\">Kaina: <span class=\"woocommerce-Price-amount amount\"><bdi>150.00<span class=\"woocommerce-Price-currencySymbol\">&euro;<\/span><\/bdi><\/span><\/div><div class=\"callendar-button\"><button type=\"submit\" class=\"button alt\">Rezervuoti<\/button><\/div><\/div><\/form><style>\n            .mcb-rem:empty { display: none; }\n            .mcb-rem{\n                position:absolute;\n                right:2px;\n                bottom:2px;\n                font-size:11px;\n                line-height:1;\n                padding:2px 4px;\n                border-radius:3px;\n                background: rgba(0,0,0,.65);\n                color:#fff;\n                pointer-events:none;\n            }\n            .flatpickr-day.flatpickr-disabled{\n                opacity:.45;\n                cursor:not-allowed;\n            }\n        <\/style>\n\t\t\t\t\t\t\t\t<\/div>\n\t\t\t\t<\/div>\n\t\t\t\t<\/div>\n\t\t<div class=\"elementor-element elementor-element-a620b81 e-con-full e-flex e-con e-child\" data-id=\"a620b81\" data-element_type=\"container\" data-e-type=\"container\">\n\t\t\t\t<div class=\"elementor-element elementor-element-b30ced6 elementor-widget elementor-widget-image\" data-id=\"b30ced6\" data-element_type=\"widget\" data-e-type=\"widget\" data-widget_type=\"image.default\">\n\t\t\t\t<div class=\"elementor-widget-container\">\n\t\t\t\t\t\t\t\t\t\t\t\t\t\t\t<img fetchpriority=\"high\" decoding=\"async\" width=\"577\" height=\"531\" src=\"https:\/\/messervice.eu\/wp-content\/uploads\/2025\/10\/Group-20-1.png\" class=\"attachment-large size-large wp-image-5245\" alt=\"\" srcset=\"https:\/\/messervice.eu\/wp-content\/uploads\/2025\/10\/Group-20-1.png 577w, https:\/\/messervice.eu\/wp-content\/uploads\/2025\/10\/Group-20-1-300x276.png 300w\" sizes=\"(max-width: 577px) 100vw, 577px\" \/>\t\t\t\t\t\t\t\t\t\t\t\t\t\t\t<\/div>\n\t\t\t\t<\/div>\n\t\t\t\t<\/div>\n\t\t\t\t<\/div>\n\t\t\t\t\t<\/div>\n\t\t\t\t<\/div>\n\t\t\t\t<\/div>\n\t\t","protected":false},"excerpt":{"rendered":"<p>Reikia hidraulin\u0117s patikros? Rezervuokite dat\u0105 M\u016bs\u0173 patyr\u0119 aptarnavimo in\u017einieriai u\u017etikrina greit\u0105 reakcij\u0105 ir i\u0161sami\u0105 j\u016bs\u0173 hidraulini\u0173 sistem\u0173 analiz\u0119. Nustatome galimas problemas, kol jos nesuk\u0117l\u0117 prastov\u0173 ir padedame i\u0161laikyti optimal\u0173 na\u0161um\u0105 ir saug\u0105. Atlikdami profesionali\u0105 diagnostik\u0105, teikdami i\u0161samias ataskaitas ir praktines rekomendacijas, u\u017etikriname ilgalaik\u012f j\u016bs\u0173 \u012frangos patikimum\u0105 ir efektyvum\u0105.<\/p>\n","protected":false},"author":3,"featured_media":0,"parent":0,"menu_order":0,"comment_status":"closed","ping_status":"closed","template":"","meta":{"footnotes":""},"class_list":["post-1136","page","type-page","status-publish","hentry"],"yoast_head":"<!-- This site is optimized with the Yoast SEO plugin v27.4 - https:\/\/yoast.com\/product\/yoast-seo-wordpress\/ -->\n<title>- messervice.eu<\/title>\n<meta name=\"robots\" content=\"index, follow, max-snippet:-1, max-image-preview:large, max-video-preview:-1\" \/>\n<link rel=\"canonical\" href=\"https:\/\/messervice.eu\/lt\/1136-2\/\" \/>\n<meta property=\"og:locale\" content=\"lt_LT\" \/>\n<meta property=\"og:type\" content=\"article\" \/>\n<meta property=\"og:title\" content=\"- messervice.eu\" \/>\n<meta property=\"og:description\" content=\"Reikia hidraulin\u0117s patikros? Rezervuokite dat\u0105 M\u016bs\u0173 patyr\u0119 aptarnavimo in\u017einieriai u\u017etikrina greit\u0105 reakcij\u0105 ir i\u0161sami\u0105 j\u016bs\u0173 hidraulini\u0173 sistem\u0173 analiz\u0119. Nustatome galimas problemas, kol jos nesuk\u0117l\u0117 prastov\u0173 ir padedame i\u0161laikyti optimal\u0173 na\u0161um\u0105 ir saug\u0105. Atlikdami profesionali\u0105 diagnostik\u0105, teikdami i\u0161samias ataskaitas ir praktines rekomendacijas, u\u017etikriname ilgalaik\u012f j\u016bs\u0173 \u012frangos patikimum\u0105 ir efektyvum\u0105.\" \/>\n<meta property=\"og:url\" content=\"https:\/\/messervice.eu\/lt\/1136-2\/\" \/>\n<meta property=\"og:site_name\" content=\"messervice.eu\" \/>\n<meta property=\"article:modified_time\" content=\"2025-10-07T11:08:09+00:00\" \/>\n<meta property=\"og:image\" content=\"https:\/\/messervice.eu\/wp-content\/uploads\/2025\/10\/Group-20-1.png\" \/>\n\t<meta property=\"og:image:width\" content=\"577\" \/>\n\t<meta property=\"og:image:height\" content=\"531\" \/>\n\t<meta property=\"og:image:type\" content=\"image\/png\" \/>\n<meta name=\"twitter:card\" content=\"summary_large_image\" \/>\n<script type=\"application\/ld+json\" class=\"yoast-schema-graph\">{\"@context\":\"https:\\\/\\\/schema.org\",\"@graph\":[{\"@type\":\"WebPage\",\"@id\":\"https:\\\/\\\/messervice.eu\\\/lt\\\/1136-2\\\/\",\"url\":\"https:\\\/\\\/messervice.eu\\\/lt\\\/1136-2\\\/\",\"name\":\"- messervice.eu\",\"isPartOf\":{\"@id\":\"https:\\\/\\\/messervice.eu\\\/lt\\\/#website\"},\"primaryImageOfPage\":{\"@id\":\"https:\\\/\\\/messervice.eu\\\/lt\\\/1136-2\\\/#primaryimage\"},\"image\":{\"@id\":\"https:\\\/\\\/messervice.eu\\\/lt\\\/1136-2\\\/#primaryimage\"},\"thumbnailUrl\":\"https:\\\/\\\/messervice.eu\\\/wp-content\\\/uploads\\\/2025\\\/10\\\/Group-20-1.png\",\"datePublished\":\"2025-09-02T13:05:34+00:00\",\"dateModified\":\"2025-10-07T11:08:09+00:00\",\"inLanguage\":\"lt-LT\",\"potentialAction\":[{\"@type\":\"ReadAction\",\"target\":[\"https:\\\/\\\/messervice.eu\\\/lt\\\/1136-2\\\/\"]}]},{\"@type\":\"ImageObject\",\"inLanguage\":\"lt-LT\",\"@id\":\"https:\\\/\\\/messervice.eu\\\/lt\\\/1136-2\\\/#primaryimage\",\"url\":\"https:\\\/\\\/messervice.eu\\\/wp-content\\\/uploads\\\/2025\\\/10\\\/Group-20-1.png\",\"contentUrl\":\"https:\\\/\\\/messervice.eu\\\/wp-content\\\/uploads\\\/2025\\\/10\\\/Group-20-1.png\"},{\"@type\":\"WebSite\",\"@id\":\"https:\\\/\\\/messervice.eu\\\/lt\\\/#website\",\"url\":\"https:\\\/\\\/messervice.eu\\\/lt\\\/\",\"name\":\"messervice.eu\",\"description\":\"\",\"publisher\":{\"@id\":\"https:\\\/\\\/messervice.eu\\\/lt\\\/#organization\"},\"potentialAction\":[{\"@type\":\"SearchAction\",\"target\":{\"@type\":\"EntryPoint\",\"urlTemplate\":\"https:\\\/\\\/messervice.eu\\\/lt\\\/?s={search_term_string}\"},\"query-input\":{\"@type\":\"PropertyValueSpecification\",\"valueRequired\":true,\"valueName\":\"search_term_string\"}}],\"inLanguage\":\"lt-LT\"},{\"@type\":\"Organization\",\"@id\":\"https:\\\/\\\/messervice.eu\\\/lt\\\/#organization\",\"name\":\"Mes Service\",\"url\":\"https:\\\/\\\/messervice.eu\\\/lt\\\/\",\"logo\":{\"@type\":\"ImageObject\",\"inLanguage\":\"lt-LT\",\"@id\":\"https:\\\/\\\/messervice.eu\\\/lt\\\/#\\\/schema\\\/logo\\\/image\\\/\",\"url\":\"https:\\\/\\\/messervice.eu\\\/wp-content\\\/uploads\\\/2025\\\/06\\\/Logotipas.png\",\"contentUrl\":\"https:\\\/\\\/messervice.eu\\\/wp-content\\\/uploads\\\/2025\\\/06\\\/Logotipas.png\",\"width\":301,\"height\":34,\"caption\":\"Mes Service\"},\"image\":{\"@id\":\"https:\\\/\\\/messervice.eu\\\/lt\\\/#\\\/schema\\\/logo\\\/image\\\/\"}}]}<\/script>\n<!-- \/ Yoast SEO plugin. -->","yoast_head_json":{"title":"- messervice.eu","robots":{"index":"index","follow":"follow","max-snippet":"max-snippet:-1","max-image-preview":"max-image-preview:large","max-video-preview":"max-video-preview:-1"},"canonical":"https:\/\/messervice.eu\/lt\/1136-2\/","og_locale":"lt_LT","og_type":"article","og_title":"- messervice.eu","og_description":"Reikia hidraulin\u0117s patikros? Rezervuokite dat\u0105 M\u016bs\u0173 patyr\u0119 aptarnavimo in\u017einieriai u\u017etikrina greit\u0105 reakcij\u0105 ir i\u0161sami\u0105 j\u016bs\u0173 hidraulini\u0173 sistem\u0173 analiz\u0119. Nustatome galimas problemas, kol jos nesuk\u0117l\u0117 prastov\u0173 ir padedame i\u0161laikyti optimal\u0173 na\u0161um\u0105 ir saug\u0105. Atlikdami profesionali\u0105 diagnostik\u0105, teikdami i\u0161samias ataskaitas ir praktines rekomendacijas, u\u017etikriname ilgalaik\u012f j\u016bs\u0173 \u012frangos patikimum\u0105 ir efektyvum\u0105.","og_url":"https:\/\/messervice.eu\/lt\/1136-2\/","og_site_name":"messervice.eu","article_modified_time":"2025-10-07T11:08:09+00:00","og_image":[{"width":577,"height":531,"url":"https:\/\/messervice.eu\/wp-content\/uploads\/2025\/10\/Group-20-1.png","type":"image\/png"}],"twitter_card":"summary_large_image","schema":{"@context":"https:\/\/schema.org","@graph":[{"@type":"WebPage","@id":"https:\/\/messervice.eu\/lt\/1136-2\/","url":"https:\/\/messervice.eu\/lt\/1136-2\/","name":"- messervice.eu","isPartOf":{"@id":"https:\/\/messervice.eu\/lt\/#website"},"primaryImageOfPage":{"@id":"https:\/\/messervice.eu\/lt\/1136-2\/#primaryimage"},"image":{"@id":"https:\/\/messervice.eu\/lt\/1136-2\/#primaryimage"},"thumbnailUrl":"https:\/\/messervice.eu\/wp-content\/uploads\/2025\/10\/Group-20-1.png","datePublished":"2025-09-02T13:05:34+00:00","dateModified":"2025-10-07T11:08:09+00:00","inLanguage":"lt-LT","potentialAction":[{"@type":"ReadAction","target":["https:\/\/messervice.eu\/lt\/1136-2\/"]}]},{"@type":"ImageObject","inLanguage":"lt-LT","@id":"https:\/\/messervice.eu\/lt\/1136-2\/#primaryimage","url":"https:\/\/messervice.eu\/wp-content\/uploads\/2025\/10\/Group-20-1.png","contentUrl":"https:\/\/messervice.eu\/wp-content\/uploads\/2025\/10\/Group-20-1.png"},{"@type":"WebSite","@id":"https:\/\/messervice.eu\/lt\/#website","url":"https:\/\/messervice.eu\/lt\/","name":"messervice.eu","description":"","publisher":{"@id":"https:\/\/messervice.eu\/lt\/#organization"},"potentialAction":[{"@type":"SearchAction","target":{"@type":"EntryPoint","urlTemplate":"https:\/\/messervice.eu\/lt\/?s={search_term_string}"},"query-input":{"@type":"PropertyValueSpecification","valueRequired":true,"valueName":"search_term_string"}}],"inLanguage":"lt-LT"},{"@type":"Organization","@id":"https:\/\/messervice.eu\/lt\/#organization","name":"Mes Service","url":"https:\/\/messervice.eu\/lt\/","logo":{"@type":"ImageObject","inLanguage":"lt-LT","@id":"https:\/\/messervice.eu\/lt\/#\/schema\/logo\/image\/","url":"https:\/\/messervice.eu\/wp-content\/uploads\/2025\/06\/Logotipas.png","contentUrl":"https:\/\/messervice.eu\/wp-content\/uploads\/2025\/06\/Logotipas.png","width":301,"height":34,"caption":"Mes Service"},"image":{"@id":"https:\/\/messervice.eu\/lt\/#\/schema\/logo\/image\/"}}]}},"_links":{"self":[{"href":"https:\/\/messervice.eu\/lt\/wp-json\/wp\/v2\/pages\/1136","targetHints":{"allow":["GET"]}}],"collection":[{"href":"https:\/\/messervice.eu\/lt\/wp-json\/wp\/v2\/pages"}],"about":[{"href":"https:\/\/messervice.eu\/lt\/wp-json\/wp\/v2\/types\/page"}],"author":[{"embeddable":true,"href":"https:\/\/messervice.eu\/lt\/wp-json\/wp\/v2\/users\/3"}],"replies":[{"embeddable":true,"href":"https:\/\/messervice.eu\/lt\/wp-json\/wp\/v2\/comments?post=1136"}],"version-history":[{"count":4,"href":"https:\/\/messervice.eu\/lt\/wp-json\/wp\/v2\/pages\/1136\/revisions"}],"predecessor-version":[{"id":5267,"href":"https:\/\/messervice.eu\/lt\/wp-json\/wp\/v2\/pages\/1136\/revisions\/5267"}],"wp:attachment":[{"href":"https:\/\/messervice.eu\/lt\/wp-json\/wp\/v2\/media?parent=1136"}],"curies":[{"name":"wp","href":"https:\/\/api.w.org\/{rel}","templated":true}]}}