{"id":1128,"date":"2025-06-20T06:52:36","date_gmt":"2025-06-20T03:52:36","guid":{"rendered":"https:\/\/messervice.eu\/es-parama\/"},"modified":"2026-04-13T16:51:01","modified_gmt":"2026-04-13T13:51:01","slug":"es-parama","status":"publish","type":"page","link":"https:\/\/messervice.eu\/lt\/es-parama\/","title":{"rendered":"ES parama"},"content":{"rendered":"\t\t<div data-elementor-type=\"wp-page\" data-elementor-id=\"1128\" class=\"elementor elementor-1128 elementor-783\" data-elementor-post-type=\"page\">\n\t\t\t\t<div class=\"elementor-element elementor-element-d858ec8 e-flex e-con-boxed e-con e-parent\" data-id=\"d858ec8\" data-element_type=\"container\" data-e-type=\"container\" data-settings=\"{&quot;background_background&quot;:&quot;classic&quot;}\">\n\t\t\t\t\t<div class=\"e-con-inner\">\n\t\t\t\t<div class=\"elementor-element elementor-element-84d18e2 elementor-widget elementor-widget-heading\" data-id=\"84d18e2\" data-element_type=\"widget\" data-e-type=\"widget\" data-widget_type=\"heading.default\">\n\t\t\t\t<div class=\"elementor-widget-container\">\n\t\t\t\t\t<h1 class=\"elementor-heading-title elementor-size-default\">ES parama<\/h1>\t\t\t\t<\/div>\n\t\t\t\t<\/div>\n\t\t\t\t\t<\/div>\n\t\t\t\t<\/div>\n\t\t<div class=\"elementor-element elementor-element-6d66baf e-flex e-con-boxed e-con e-parent\" data-id=\"6d66baf\" data-element_type=\"container\" data-e-type=\"container\">\n\t\t\t\t\t<div class=\"e-con-inner\">\n\t\t\t\t<div class=\"elementor-element elementor-element-cfb2ccc elementor-widget elementor-widget-text-editor\" data-id=\"cfb2ccc\" data-element_type=\"widget\" data-e-type=\"widget\" data-widget_type=\"text-editor.default\">\n\t\t\t\t<div class=\"elementor-widget-container\">\n\t\t\t\t\t\t\t\t\t<h3 data-start=\"0\" data-end=\"14\"><strong data-start=\"0\" data-end=\"14\">ES PARAMA<\/strong><\/h3><h3 data-start=\"0\" data-end=\"14\"><strong data-start=\"0\" data-end=\"14\"><img decoding=\"async\" class=\"alignnone size-medium wp-image-785\" src=\"https:\/\/messervice.eu\/wp-content\/uploads\/2025\/06\/ES-PARAMA-300x69.png\" alt=\"\" width=\"300\" height=\"69\" srcset=\"https:\/\/messervice.eu\/wp-content\/uploads\/2025\/06\/ES-PARAMA-300x69.png 300w, https:\/\/messervice.eu\/wp-content\/uploads\/2025\/06\/ES-PARAMA-600x138.png 600w, https:\/\/messervice.eu\/wp-content\/uploads\/2025\/06\/ES-PARAMA-1024x235.png 1024w, https:\/\/messervice.eu\/wp-content\/uploads\/2025\/06\/ES-PARAMA-768x176.png 768w, https:\/\/messervice.eu\/wp-content\/uploads\/2025\/06\/ES-PARAMA.png 1373w\" sizes=\"(max-width: 300px) 100vw, 300px\" \/><\/strong><\/h3><p>UAB \u201eMes service LT\u201c prad\u0117jo \u012fgyvendinti dalinai ES finansuojam\u0105 projekt\u0105<\/p><p>Projekto pavadinimas &#8211; UAB \u201eMes service LT\u201d eksporto rink\u0173 pl\u0117tra dalyvaujant parodose ir sertifikuojant produkcij\u0105.<\/p><p>Projekto tikslas &#8211; UAB \u201eMes service LT\u201d konkurencingumo ir tarptauti\u0161kumo didinimas.<br \/>Projekto veikla \u2013 MV\u012e veiklos tarptauti\u0161kumo ir nauj\u0173 eksporto rink\u0173 identifikavimo veikl\u0173 skatinimas (VVL regionas).<\/p><p>Projekto \u012fgyvendinimo metu planuojama dalyvauti tarptautin\u0117se parodose, kur klientai bei potencial\u016bs partneriai tur\u0117s galimyb\u0119 susipa\u017einti su \u012fmon\u0117s teikiamomis paslaugomis, naudojamomis technologijomis, preki\u0173 savyb\u0117mis. Klientams bus pristatytas paslaug\u0173 asortimentas, tendencijos. <br \/>Nor\u0117dama i\u0161likti konkurencinga ir prisitaikanti prie rinkos poky\u010di\u0173, \u012fmon\u0117 turi pl\u0117sti savo eksporto rinkas, ie\u0161koti nauj\u0173 klient\u0173. Projekto metu bus didinamas \u012fmon\u0117s prekinio \u017eenklo ir paslaug\u0173 \u017einomumas. Projekto metu taip pat planuojama \u012fsigyti e.rinkodaros ir sertifikavimo paslaugas.<\/p><p>Projekto veikl\u0173 vykdymo prad\u017eia: 2026-03-04<br \/>Projekto veikl\u0173 vykdymo pabaiga: 2027-12-03<\/p><p>Projekto vert\u0117: 93 644,00 EUR<br \/>ES finansavimas: 46 822,00 EUR<\/p><p>Projektas finansuojamas Europos regionin\u0117s pl\u0117tros fondo l\u0117\u0161omis.<\/p><p>_____________________________________________________________________________________________________________________________________________________________________________________________________________________________________________<\/p><p data-start=\"0\" data-end=\"14\"><img decoding=\"async\" class=\"alignnone size-medium wp-image-785\" src=\"https:\/\/messervice.eu\/wp-content\/uploads\/2025\/06\/ES-PARAMA-300x69.png\" alt=\"\" width=\"300\" height=\"69\" srcset=\"https:\/\/messervice.eu\/wp-content\/uploads\/2025\/06\/ES-PARAMA-300x69.png 300w, https:\/\/messervice.eu\/wp-content\/uploads\/2025\/06\/ES-PARAMA-600x138.png 600w, https:\/\/messervice.eu\/wp-content\/uploads\/2025\/06\/ES-PARAMA-1024x235.png 1024w, https:\/\/messervice.eu\/wp-content\/uploads\/2025\/06\/ES-PARAMA-768x176.png 768w, https:\/\/messervice.eu\/wp-content\/uploads\/2025\/06\/ES-PARAMA.png 1373w\" sizes=\"(max-width: 300px) 100vw, 300px\" \/><\/p><p data-start=\"16\" data-end=\"232\"><strong data-start=\"16\" data-end=\"36\">Projekto veikla<\/strong> &#8211; skatinti MV\u012e skaitmeninim\u0105, finansuojant elektronin\u0117s prekybos sandori\u0173 sprendim\u0173 diegim\u0105, paslaug\u0173 ir produkt\u0173 konfig\u016bravim\u0105 bei vizualizacij\u0105 (Vidurio ir Vakar\u0173 Lietuvos regionas).<\/p><p data-start=\"234\" data-end=\"270\"><strong data-start=\"234\" data-end=\"270\">Projekto \u012fgyvendinimo nauda:<\/strong><\/p><ul data-start=\"272\" data-end=\"1134\"><li data-start=\"272\" data-end=\"507\"><p data-start=\"274\" data-end=\"507\"><strong data-start=\"274\" data-end=\"307\">Efektyvus proces\u0173 automatizavimas:<\/strong><br data-start=\"307\" data-end=\"310\" \/>E. sandori\u0173 sprendimas leis automatizuoti \u012fvairius procesus, pavyzd\u017eiui, sutar\u010di\u0173 sudarym\u0105, valdym\u0105 ir saugojim\u0105. Tai suma\u017eins priklausomyb\u0119 nuo rankinio darbo ir padidins bendr\u0105 efektyvum\u0105.<\/p><\/li><li data-start=\"509\" data-end=\"731\"><p data-start=\"511\" data-end=\"731\"><strong data-start=\"511\" data-end=\"542\">Saugus dokument\u0173 valdymas:<\/strong><br data-start=\"542\" data-end=\"545\" \/>Elektronin\u0117s saugyklos naudojimas leis veiksmingai valdyti ir archyvuoti didelius kiekius dokument\u0173. Tai suma\u017eins duomen\u0173 praradimo rizik\u0105 ir padidins dokument\u0173 paie\u0161kos greit\u012f.<\/p><\/li><li data-start=\"733\" data-end=\"964\"><p data-start=\"735\" data-end=\"964\"><strong data-start=\"735\" data-end=\"762\">Geresnis bendravimas:<\/strong><br data-start=\"762\" data-end=\"765\" \/>Elektroniniai sandoriai pad\u0117s grei\u010diau ir veiksmingiau bendrauti su klientais ir partneriais. Tai suma\u017eins bendravimo klaid\u0173 rizik\u0105 ir pagerins bendravimo kokyb\u0119.<\/p><\/li><li data-start=\"966\" data-end=\"1134\"><p data-start=\"968\" data-end=\"1134\"><strong data-start=\"968\" data-end=\"998\">Taupomas laikas ir i\u0161tekliai:<\/strong><br data-start=\"998\" data-end=\"1001\" \/>Automatizuoti procesai ir patobulinti dokument\u0173 tvarkymo metodai suma\u017eins laiko ir i\u0161tekli\u0173 s\u0105naudas, kurios anks\u010diau buvo skiriamos rankin\u0117ms u\u017eduotims atlikti.<\/p><\/li><\/ul><p data-start=\"1136\" data-end=\"1424\">Projektas pad\u0117s efektyviau vykdyti \u012fmon\u0117s veikl\u0105, suma\u017einti administracines i\u0161laidas ir spr\u0119sti problemas, susijusias su dokument\u0173 valdymu, bendravimu ir proces\u0173 efektyvumu. Tai tur\u0117s didel\u0119 \u012ftak\u0105 bendrov\u0117s augimui ir konkurencingumui rinkoje.<\/p><ul data-start=\"1426\" data-end=\"1564\"><li data-start=\"1426\" data-end=\"1464\"><p data-start=\"1428\" data-end=\"1464\"><strong data-start=\"1428\" data-end=\"1451\">Projekto prad\u017eios data:<\/strong> 2024-06-17<\/p><\/li><li data-start=\"1465\" data-end=\"1501\"><p data-start=\"1467\" data-end=\"1501\"><strong data-start=\"1467\" data-end=\"1488\">Projekto pabaigos data:<\/strong> 2025-06-17<\/p><\/li><li data-start=\"1502\" data-end=\"1535\"><p data-start=\"1504\" data-end=\"1535\"><strong data-start=\"1504\" data-end=\"1522\">Projekto vert\u0117:<\/strong> 99 510,00 EUR<\/p><\/li><li data-start=\"1536\" data-end=\"1564\"><p data-start=\"1538\" data-end=\"1564\"><strong data-start=\"1538\" data-end=\"1553\">ES finansavimas:<\/strong> 49 755,00 EUR<\/p><\/li><\/ul><p data-start=\"1566\" data-end=\"1660\">Projekt\u0105 i\u0161 dalies finansuoja Europos S\u0105jungos atk\u016brimo ir atsparumo priemon\u0117.<\/p><p data-start=\"1662\" data-end=\"2221\" data-is-last-node=\"\" data-is-only-node=\"\">Projektas \u012fgyvendinamas pagal pl\u0117tros programos pa\u017eangos priemon\u0117s Nr. 05-001-01-05-05 &#8222;Verslo skaitmeninimo skatinimas&#8221; veiklos srities &#8222;Labai ma\u017e\u0173, ma\u017e\u0173 ir vidutini\u0173 \u012fmoni\u0173 skaitmeninimo skatinimas, finansuojant elektronin\u0117s prekybos sandori\u0173 sprendim\u0173, paslaug\u0173 ir produkt\u0173 konfig\u016bravimo bei vizualizavimo diegim\u0105&#8221; (Vidurio ir Vakar\u0173 Lietuvos regionas) paprogram\u0119 &#8222;Labai ma\u017e\u0173, ma\u017e\u0173 ir vidutini\u0173 \u012fmoni\u0173 skaitmeninimo skatinimas, finansuojant elektronin\u0117s prekybos sandori\u0173 sprendim\u0173, paslaug\u0173 ir produkt\u0173 konfig\u016bravimo bei vizualizavimo diegim\u0105&#8221; (Vidurio ir Vakar\u0173 Lietuvos regionas), vadovaujantis finansavimo s\u0105lyg\u0173 apra\u0161u, patvirtintu Lietuvos Respublikos ekonomikos ir inovacij\u0173 ministro 2022 m. liepos 15 d. \u012fsakymu Nr. 4-877.<\/p>\t\t\t\t\t\t\t\t<\/div>\n\t\t\t\t<\/div>\n\t\t\t\t\t<\/div>\n\t\t\t\t<\/div>\n\t\t\t\t<\/div>\n\t\t","protected":false},"excerpt":{"rendered":"<p>ES PARAMA UAB \u201eMes service LT\u201c prad\u0117jo \u012fgyvendinti dalinai ES finansuojam\u0105 projekt\u0105 Projekto pavadinimas &#8211; UAB \u201eMes service LT\u201d eksporto rink\u0173 pl\u0117tra dalyvaujant parodose ir sertifikuojant produkcij\u0105. Projekto tikslas &#8211; UAB \u201eMes service LT\u201d konkurencingumo ir tarptauti\u0161kumo didinimas.Projekto veikla \u2013 MV\u012e veiklos tarptauti\u0161kumo ir nauj\u0173 eksporto rink\u0173 identifikavimo veikl\u0173 skatinimas (VVL regionas). Projekto \u012fgyvendinimo metu [&hellip;]<\/p>\n","protected":false},"author":3,"featured_media":0,"parent":0,"menu_order":0,"comment_status":"closed","ping_status":"closed","template":"","meta":{"footnotes":""},"class_list":["post-1128","page","type-page","status-publish","hentry"],"yoast_head":"<!-- This site is optimized with the Yoast SEO plugin v27.4 - https:\/\/yoast.com\/product\/yoast-seo-wordpress\/ -->\n<title>ES parama - messervice.eu<\/title>\n<meta name=\"robots\" content=\"index, follow, max-snippet:-1, max-image-preview:large, max-video-preview:-1\" \/>\n<link rel=\"canonical\" href=\"https:\/\/messervice.eu\/lt\/es-parama\/\" \/>\n<meta property=\"og:locale\" content=\"lt_LT\" \/>\n<meta property=\"og:type\" content=\"article\" \/>\n<meta property=\"og:title\" content=\"ES parama - messervice.eu\" \/>\n<meta property=\"og:description\" content=\"ES PARAMA UAB \u201eMes service LT\u201c prad\u0117jo \u012fgyvendinti dalinai ES finansuojam\u0105 projekt\u0105 Projekto pavadinimas &#8211; UAB \u201eMes service LT\u201d eksporto rink\u0173 pl\u0117tra dalyvaujant parodose ir sertifikuojant produkcij\u0105. Projekto tikslas &#8211; UAB \u201eMes service LT\u201d konkurencingumo ir tarptauti\u0161kumo didinimas.Projekto veikla \u2013 MV\u012e veiklos tarptauti\u0161kumo ir nauj\u0173 eksporto rink\u0173 identifikavimo veikl\u0173 skatinimas (VVL regionas). Projekto \u012fgyvendinimo metu [&hellip;]\" \/>\n<meta property=\"og:url\" content=\"https:\/\/messervice.eu\/lt\/es-parama\/\" \/>\n<meta property=\"og:site_name\" content=\"messervice.eu\" \/>\n<meta property=\"article:modified_time\" content=\"2026-04-13T13:51:01+00:00\" \/>\n<meta property=\"og:image\" content=\"https:\/\/messervice.eu\/wp-content\/uploads\/2025\/06\/ES-PARAMA.png\" \/>\n\t<meta property=\"og:image:width\" content=\"1373\" \/>\n\t<meta property=\"og:image:height\" content=\"315\" \/>\n\t<meta property=\"og:image:type\" content=\"image\/png\" \/>\n<meta name=\"twitter:card\" content=\"summary_large_image\" \/>\n<meta name=\"twitter:label1\" content=\"Est. reading time\" \/>\n\t<meta name=\"twitter:data1\" content=\"3 minut\u0117s\" \/>\n<script type=\"application\/ld+json\" class=\"yoast-schema-graph\">{\"@context\":\"https:\\\/\\\/schema.org\",\"@graph\":[{\"@type\":\"WebPage\",\"@id\":\"https:\\\/\\\/messervice.eu\\\/lt\\\/es-parama\\\/\",\"url\":\"https:\\\/\\\/messervice.eu\\\/lt\\\/es-parama\\\/\",\"name\":\"ES parama - messervice.eu\",\"isPartOf\":{\"@id\":\"https:\\\/\\\/messervice.eu\\\/lt\\\/#website\"},\"primaryImageOfPage\":{\"@id\":\"https:\\\/\\\/messervice.eu\\\/lt\\\/es-parama\\\/#primaryimage\"},\"image\":{\"@id\":\"https:\\\/\\\/messervice.eu\\\/lt\\\/es-parama\\\/#primaryimage\"},\"thumbnailUrl\":\"https:\\\/\\\/messervice.eu\\\/wp-content\\\/uploads\\\/2025\\\/06\\\/ES-PARAMA-300x69.png\",\"datePublished\":\"2025-06-20T03:52:36+00:00\",\"dateModified\":\"2026-04-13T13:51:01+00:00\",\"breadcrumb\":{\"@id\":\"https:\\\/\\\/messervice.eu\\\/lt\\\/es-parama\\\/#breadcrumb\"},\"inLanguage\":\"lt-LT\",\"potentialAction\":[{\"@type\":\"ReadAction\",\"target\":[\"https:\\\/\\\/messervice.eu\\\/lt\\\/es-parama\\\/\"]}]},{\"@type\":\"ImageObject\",\"inLanguage\":\"lt-LT\",\"@id\":\"https:\\\/\\\/messervice.eu\\\/lt\\\/es-parama\\\/#primaryimage\",\"url\":\"https:\\\/\\\/messervice.eu\\\/wp-content\\\/uploads\\\/2025\\\/06\\\/ES-PARAMA-300x69.png\",\"contentUrl\":\"https:\\\/\\\/messervice.eu\\\/wp-content\\\/uploads\\\/2025\\\/06\\\/ES-PARAMA-300x69.png\"},{\"@type\":\"BreadcrumbList\",\"@id\":\"https:\\\/\\\/messervice.eu\\\/lt\\\/es-parama\\\/#breadcrumb\",\"itemListElement\":[{\"@type\":\"ListItem\",\"position\":1,\"name\":\"Home\",\"item\":\"https:\\\/\\\/messervice.eu\\\/lt\\\/\"},{\"@type\":\"ListItem\",\"position\":2,\"name\":\"ES parama\"}]},{\"@type\":\"WebSite\",\"@id\":\"https:\\\/\\\/messervice.eu\\\/lt\\\/#website\",\"url\":\"https:\\\/\\\/messervice.eu\\\/lt\\\/\",\"name\":\"messervice.eu\",\"description\":\"\",\"publisher\":{\"@id\":\"https:\\\/\\\/messervice.eu\\\/lt\\\/#organization\"},\"potentialAction\":[{\"@type\":\"SearchAction\",\"target\":{\"@type\":\"EntryPoint\",\"urlTemplate\":\"https:\\\/\\\/messervice.eu\\\/lt\\\/?s={search_term_string}\"},\"query-input\":{\"@type\":\"PropertyValueSpecification\",\"valueRequired\":true,\"valueName\":\"search_term_string\"}}],\"inLanguage\":\"lt-LT\"},{\"@type\":\"Organization\",\"@id\":\"https:\\\/\\\/messervice.eu\\\/lt\\\/#organization\",\"name\":\"Mes Service\",\"url\":\"https:\\\/\\\/messervice.eu\\\/lt\\\/\",\"logo\":{\"@type\":\"ImageObject\",\"inLanguage\":\"lt-LT\",\"@id\":\"https:\\\/\\\/messervice.eu\\\/lt\\\/#\\\/schema\\\/logo\\\/image\\\/\",\"url\":\"https:\\\/\\\/messervice.eu\\\/wp-content\\\/uploads\\\/2025\\\/06\\\/Logotipas.png\",\"contentUrl\":\"https:\\\/\\\/messervice.eu\\\/wp-content\\\/uploads\\\/2025\\\/06\\\/Logotipas.png\",\"width\":301,\"height\":34,\"caption\":\"Mes Service\"},\"image\":{\"@id\":\"https:\\\/\\\/messervice.eu\\\/lt\\\/#\\\/schema\\\/logo\\\/image\\\/\"}}]}<\/script>\n<!-- \/ Yoast SEO plugin. -->","yoast_head_json":{"title":"ES parama - messervice.eu","robots":{"index":"index","follow":"follow","max-snippet":"max-snippet:-1","max-image-preview":"max-image-preview:large","max-video-preview":"max-video-preview:-1"},"canonical":"https:\/\/messervice.eu\/lt\/es-parama\/","og_locale":"lt_LT","og_type":"article","og_title":"ES parama - messervice.eu","og_description":"ES PARAMA UAB \u201eMes service LT\u201c prad\u0117jo \u012fgyvendinti dalinai ES finansuojam\u0105 projekt\u0105 Projekto pavadinimas &#8211; UAB \u201eMes service LT\u201d eksporto rink\u0173 pl\u0117tra dalyvaujant parodose ir sertifikuojant produkcij\u0105. Projekto tikslas &#8211; UAB \u201eMes service LT\u201d konkurencingumo ir tarptauti\u0161kumo didinimas.Projekto veikla \u2013 MV\u012e veiklos tarptauti\u0161kumo ir nauj\u0173 eksporto rink\u0173 identifikavimo veikl\u0173 skatinimas (VVL regionas). Projekto \u012fgyvendinimo metu [&hellip;]","og_url":"https:\/\/messervice.eu\/lt\/es-parama\/","og_site_name":"messervice.eu","article_modified_time":"2026-04-13T13:51:01+00:00","og_image":[{"width":1373,"height":315,"url":"https:\/\/messervice.eu\/wp-content\/uploads\/2025\/06\/ES-PARAMA.png","type":"image\/png"}],"twitter_card":"summary_large_image","twitter_misc":{"Est. reading time":"3 minut\u0117s"},"schema":{"@context":"https:\/\/schema.org","@graph":[{"@type":"WebPage","@id":"https:\/\/messervice.eu\/lt\/es-parama\/","url":"https:\/\/messervice.eu\/lt\/es-parama\/","name":"ES parama - messervice.eu","isPartOf":{"@id":"https:\/\/messervice.eu\/lt\/#website"},"primaryImageOfPage":{"@id":"https:\/\/messervice.eu\/lt\/es-parama\/#primaryimage"},"image":{"@id":"https:\/\/messervice.eu\/lt\/es-parama\/#primaryimage"},"thumbnailUrl":"https:\/\/messervice.eu\/wp-content\/uploads\/2025\/06\/ES-PARAMA-300x69.png","datePublished":"2025-06-20T03:52:36+00:00","dateModified":"2026-04-13T13:51:01+00:00","breadcrumb":{"@id":"https:\/\/messervice.eu\/lt\/es-parama\/#breadcrumb"},"inLanguage":"lt-LT","potentialAction":[{"@type":"ReadAction","target":["https:\/\/messervice.eu\/lt\/es-parama\/"]}]},{"@type":"ImageObject","inLanguage":"lt-LT","@id":"https:\/\/messervice.eu\/lt\/es-parama\/#primaryimage","url":"https:\/\/messervice.eu\/wp-content\/uploads\/2025\/06\/ES-PARAMA-300x69.png","contentUrl":"https:\/\/messervice.eu\/wp-content\/uploads\/2025\/06\/ES-PARAMA-300x69.png"},{"@type":"BreadcrumbList","@id":"https:\/\/messervice.eu\/lt\/es-parama\/#breadcrumb","itemListElement":[{"@type":"ListItem","position":1,"name":"Home","item":"https:\/\/messervice.eu\/lt\/"},{"@type":"ListItem","position":2,"name":"ES parama"}]},{"@type":"WebSite","@id":"https:\/\/messervice.eu\/lt\/#website","url":"https:\/\/messervice.eu\/lt\/","name":"messervice.eu","description":"","publisher":{"@id":"https:\/\/messervice.eu\/lt\/#organization"},"potentialAction":[{"@type":"SearchAction","target":{"@type":"EntryPoint","urlTemplate":"https:\/\/messervice.eu\/lt\/?s={search_term_string}"},"query-input":{"@type":"PropertyValueSpecification","valueRequired":true,"valueName":"search_term_string"}}],"inLanguage":"lt-LT"},{"@type":"Organization","@id":"https:\/\/messervice.eu\/lt\/#organization","name":"Mes Service","url":"https:\/\/messervice.eu\/lt\/","logo":{"@type":"ImageObject","inLanguage":"lt-LT","@id":"https:\/\/messervice.eu\/lt\/#\/schema\/logo\/image\/","url":"https:\/\/messervice.eu\/wp-content\/uploads\/2025\/06\/Logotipas.png","contentUrl":"https:\/\/messervice.eu\/wp-content\/uploads\/2025\/06\/Logotipas.png","width":301,"height":34,"caption":"Mes Service"},"image":{"@id":"https:\/\/messervice.eu\/lt\/#\/schema\/logo\/image\/"}}]}},"_links":{"self":[{"href":"https:\/\/messervice.eu\/lt\/wp-json\/wp\/v2\/pages\/1128","targetHints":{"allow":["GET"]}}],"collection":[{"href":"https:\/\/messervice.eu\/lt\/wp-json\/wp\/v2\/pages"}],"about":[{"href":"https:\/\/messervice.eu\/lt\/wp-json\/wp\/v2\/types\/page"}],"author":[{"embeddable":true,"href":"https:\/\/messervice.eu\/lt\/wp-json\/wp\/v2\/users\/3"}],"replies":[{"embeddable":true,"href":"https:\/\/messervice.eu\/lt\/wp-json\/wp\/v2\/comments?post=1128"}],"version-history":[{"count":4,"href":"https:\/\/messervice.eu\/lt\/wp-json\/wp\/v2\/pages\/1128\/revisions"}],"predecessor-version":[{"id":6253,"href":"https:\/\/messervice.eu\/lt\/wp-json\/wp\/v2\/pages\/1128\/revisions\/6253"}],"wp:attachment":[{"href":"https:\/\/messervice.eu\/lt\/wp-json\/wp\/v2\/media?parent=1128"}],"curies":[{"name":"wp","href":"https:\/\/api.w.org\/{rel}","templated":true}]}}